{"id":2520,"date":"2021-11-05T23:41:17","date_gmt":"2021-11-06T02:41:17","guid":{"rendered":"https:\/\/www.fencingnb.ca\/?page_id=2520"},"modified":"2026-04-16T17:47:59","modified_gmt":"2026-04-16T20:47:59","slug":"tournament-results","status":"publish","type":"page","link":"https:\/\/www.fencingnb.ca\/?page_id=2520","title":{"rendered":"Tournament Results"},"content":{"rendered":"<p style=\"text-align: left;\">As the season progresses, check back for links to the\u00a0<a href=\"https:\/\/www.fencingtimelive.com\/\" target=\"_blank\" rel=\"noopener\">Fencing Time Live<\/a> online results for tournaments that our fencers are attending!<\/p>\n<div style=\"max-width: 600px; margin: 0.5rem auto; padding: 0.75rem 1rem; border-radius: 8px; border: 1px solid #d9efe6; background: linear-gradient(180deg,#f4fbf8,#e9f6f1); font-family: system-ui,-apple-system,Segoe UI,Roboto,Helvetica,Arial,sans-serif; font-size: 0.95rem; color: #245b4a; box-shadow: 0 1px 2px rgba(0,0,0,0.04);\" role=\"note\" aria-label=\"Tip\">\n<div style=\"display: flex; align-items: flex-start; gap: 0.6rem;\">\n<p><strong style=\"display: block; margin-bottom: 0.12rem;\">Note<\/strong><\/p>\n<div>For out-of-province tournaments, only events with NB fencers participating are listed. Click the tournament name to see a full list of events.<\/div>\n<\/div>\n<\/div>\n<p>&nbsp;<\/p>\n<h2>2025-2026 Season<\/h2>\n<hr \/>\n<h4><a href=\"https:\/\/www.fencingtimelive.com\/tournaments\/eventSchedule\/21B93A9717D24CA0B11783D1D9D27299\">April 11-12, 2026 &#8211; Circuit des jeunes 4<\/a><\/h4>\n<ul>\n<li>\n<div class=\"desktop eventName\"><a href=\"https:\/\/www.fencingtimelive.com\/events\/results\/67E17323E683403393009A12FBC93186\">Cadet Men&#8217;s \u00c9p\u00e9e<\/a><\/div>\n<\/li>\n<li><a href=\"https:\/\/www.fencingtimelive.com\/events\/results\/13ADFFE5D3684A28965CC61448E24165\">Cadet Women&#8217;s Saber<\/a><\/li>\n<li>\n<div class=\"desktop eventName\"><a href=\"https:\/\/www.fencingtimelive.com\/events\/results\/367B41FDCC434A01BBCDA5E2A7487439\">Cadet Men&#8217;s Saber<\/a><\/div>\n<\/li>\n<\/ul>\n<hr \/>\n<h4><a href=\"https:\/\/www.fencingtimelive.com\/tournaments\/eventSchedule\/5B419DBB11624E8B8B3B4A4417C4F00A\">April 11-12, 2026 &#8211; Sword Falls 2026<\/a><\/h4>\n<ul>\n<li><a href=\"https:\/\/www.fencingtimelive.com\/events\/results\/FF25980A5B2E4E839B9C616A15733324\">U-15 Women&#8217;s \u00c9p\u00e9e<\/a><\/li>\n<li>\n<div class=\"desktop eventName\"><a href=\"https:\/\/www.fencingtimelive.com\/events\/results\/36D85C50E2AB47F88836D15F5E352A02\">U-15 Men&#8217;s \u00c9p\u00e9e<\/a><\/div>\n<\/li>\n<li>\n<div class=\"desktop eventName\"><a href=\"https:\/\/www.fencingtimelive.com\/events\/results\/2027143891524A329B97FD3586B5B901\">Senior Mixed \u00c9p\u00e9e<\/a><\/div>\n<\/li>\n<li><a href=\"https:\/\/www.fencingtimelive.com\/events\/results\/552186751C0342C6A35427C9439B5088\">Senior Mixed Foil<\/a><\/li>\n<li><a href=\"https:\/\/www.fencingtimelive.com\/events\/results\/6857D395B7E5423BAAA18D2F5CD40496\">Cadet Mixed \u00c9p\u00e9e<\/a><\/li>\n<li>\n<div class=\"desktop eventName\"><a href=\"https:\/\/www.fencingtimelive.com\/events\/results\/61C9D09717B04E2E8FEAEDA4D9FC223F\">Novice Mixed Epee<\/a><\/div>\n<\/li>\n<li><a href=\"https:\/\/www.fencingtimelive.com\/events\/results\/65370E8026F84E53A59DC182A931929E\">U13 Mixed Epee<\/a><\/li>\n<li>\n<div class=\"desktop eventName\"><a href=\"https:\/\/www.fencingtimelive.com\/events\/results\/711E93ACEA9241BB93BB3C9E516F6C5F\">U11 Mixed Epee<\/a><\/div>\n<\/li>\n<\/ul>\n<hr \/>\n<h4><a href=\"https:\/\/www.fencingtimelive.com\/tournaments\/eventSchedule\/A934D5D612C647648C815957E5538073\">March 14-15, 2026 &#8211; Coupe du printemps 2026<\/a><\/h4>\n<ul>\n<li><a href=\"https:\/\/www.fencingtimelive.com\/events\/results\/5E70E521EEEF430ABEB36B099E4B7D41\">Junior Men&#8217;s \u00c9p\u00e9e<\/a><\/li>\n<li><a href=\"https:\/\/www.fencingtimelive.com\/events\/results\/986700BB23C24A1692E8B4AB905C6B7F\">Senior Men&#8217;s \u00c9p\u00e9e<\/a><\/li>\n<li>\n<div class=\"desktop eventName\"><a href=\"https:\/\/www.fencingtimelive.com\/events\/results\/E0DD12A32C7C4C618F30364E52928547\">Veteran Mixed Foil<\/a><\/div>\n<\/li>\n<li><a href=\"https:\/\/www.fencingtimelive.com\/events\/results\/162512856DA044CA9C20373C8FF71F6F\">Vet-40 Men&#8217;s Foil<\/a><\/li>\n<li><a href=\"https:\/\/www.fencingtimelive.com\/events\/results\/4320011F61FC49BDA83992699968D5D2\">Veteran Mixed Saber<\/a><\/li>\n<li><a href=\"https:\/\/www.fencingtimelive.com\/events\/results\/7E7145FFAC354E149958F939C416C8F6\">Vet-40 Men&#8217;s Saber<\/a><\/li>\n<li><a href=\"https:\/\/www.fencingtimelive.com\/events\/results\/F7EFB57CEEEB401188615BC31A58D414\">Veteran Men&#8217;s \u00c9p\u00e9e<\/a><\/li>\n<li>\n<div class=\"desktop eventName\"><a href=\"https:\/\/www.fencingtimelive.com\/events\/results\/7736108F18E94595837E3A6BD08DC879\">Vet-40 Men&#8217;s \u00c9p\u00e9e<\/a><\/div>\n<\/li>\n<\/ul>\n<hr \/>\n<h4><a href=\"https:\/\/www.fencingnb.ca\/?page_id=3166\">February 22, 2026 &#8211; Challenge Beausoleil-Broussard 2026<\/a><\/h4>\n<ul>\n<li><a href=\"https:\/\/www.fencingtimelive.com\/events\/results\/C33BE053DBFD4B3E8727EC661B4719F9\">Senior Mixed \u00c9p\u00e9e<\/a><\/li>\n<li><a href=\"https:\/\/www.fencingtimelive.com\/events\/results\/0C3DEB5AA4314EB1938A1157F8963510\">U-15 Mixed \u00c9p\u00e9e<\/a><\/li>\n<li><a href=\"https:\/\/www.fencingtimelive.com\/events\/results\/7CE579DB50F64F47A78B09E571F3660D\">Cadet Mixed \u00c9p\u00e9e<\/a><\/li>\n<li><a href=\"https:\/\/www.fencingtimelive.com\/events\/results\/31DDCCA63B6C410C9D13374AD206E9FD\">U-13 Men&#8217;s \u00c9p\u00e9e<\/a><\/li>\n<li><a href=\"https:\/\/www.fencingtimelive.com\/events\/results\/970919BF205D4AF5B4BFA8FB2DDD642D\">U-13 Women&#8217;s \u00c9p\u00e9e<\/a><\/li>\n<li>Senior Women&#8217;s \u00c9p\u00e9e<\/li>\n<\/ul>\n<p>(<strong>Note:<\/strong> Senior Women&#8217;s \u00c9p\u00e9e results available on the <a href=\"https:\/\/www.fencingnb.ca\/?page_id=3166\">tournament page<\/a>.)<\/p>\n<hr \/>\n<h4><a href=\"https:\/\/www.fencingtimelive.com\/tournaments\/eventSchedule\/68720F19EB17422BAF404D36A65C0FD7\">February 20-22, 2026 &#8211; Canada Cup 3<\/a><\/h4>\n<ul>\n<li><a href=\"https:\/\/www.fencingtimelive.com\/events\/results\/743319B708AE486AB99A29691651A252\">Cadet Men&#8217;s \u00c9p\u00e9e<\/a><\/li>\n<li><a href=\"https:\/\/www.fencingtimelive.com\/events\/results\/E95F97EBF0734E04A2247F8CA02D9F62\">Cadet Women&#8217;s Saber<\/a><\/li>\n<li><a href=\"https:\/\/www.fencingtimelive.com\/events\/results\/C08DE29DF4824E4C98D1F2669D2F5D61\">Junior Men&#8217;s Saber<\/a><\/li>\n<li><a href=\"https:\/\/www.fencingtimelive.com\/events\/results\/A2A105C6AFFF41FF8FC1450A08B47AE1\">Cadet Men&#8217;s Foil<\/a><\/li>\n<li><a href=\"https:\/\/www.fencingtimelive.com\/events\/results\/880BB258595E42BAB9413A455787DF4D\">Junior Men&#8217;s \u00c9p\u00e9e<\/a><\/li>\n<li><a href=\"https:\/\/www.fencingtimelive.com\/events\/results\/D9E8258D81924F08B947412F57CFB756\">Cadet Women&#8217;s \u00c9p\u00e9e<\/a><\/li>\n<li><a href=\"https:\/\/www.fencingtimelive.com\/events\/results\/BD9472B8E3364495927161099403A93B\">Cadet Men&#8217;s Saber<\/a><\/li>\n<\/ul>\n<hr \/>\n<h4><a href=\"https:\/\/www.fencingtimelive.com\/tournaments\/eventSchedule\/E778681AA6B14360AFC3F2986D50FE01\">February 15, 2026 &#8211; Alfred Knappe<\/a><\/h4>\n<ul>\n<li><a href=\"https:\/\/www.fencingtimelive.com\/events\/results\/6552BBA4518C47ED8BD2C2396E752A93\">U-15 Team Mixed \u00c9p\u00e9e<\/a><\/li>\n<li><a href=\"https:\/\/www.fencingtimelive.com\/events\/results\/591281CCE43E4A30B88767A31C240DEC\">U-13 Team Mixed Saber<\/a><\/li>\n<li>\n<div class=\"desktop eventName\"><a href=\"https:\/\/www.fencingtimelive.com\/events\/results\/1A9E7E5538A444F684050237A4358409\">Open Team Mixed Epee<\/a><\/div>\n<\/li>\n<li>\n<div class=\"desktop eventName\"><a href=\"https:\/\/www.fencingtimelive.com\/events\/results\/6CF9FFD7886948B98FE55E94DD5A5EB8\">Open Team Mixed Sabre<\/a><\/div>\n<\/li>\n<\/ul>\n<hr \/>\n<h4 class=\"desktop tournName\"><a href=\"https:\/\/www.fencingtimelive.com\/tournaments\/eventSchedule\/35CB33D9CF4549609DC890F6343753ED#today\">February 7-8, 2026 &#8211; Circuit des jeunes 3 &#8211; Challenge du Nord<\/a><\/h4>\n<ul>\n<li class=\"desktop tournName\"><a href=\"https:\/\/www.fencingtimelive.com\/events\/results\/CD5597C17420493E9A340A6981CBFFD7\">Cadet Men&#8217;s \u00c9p\u00e9e<\/a><\/li>\n<li class=\"desktop tournName\"><a href=\"https:\/\/www.fencingtimelive.com\/events\/results\/38EB6A9D5F4A45B0AE7F85AE86198E8F\">Cadet Men&#8217;s Saber<\/a><\/li>\n<li class=\"desktop tournName\"><a href=\"https:\/\/www.fencingtimelive.com\/events\/results\/54B299C8A21442BB984F6E54DCF7F1EF\">Cadet Women&#8217;s Saber<\/a><\/li>\n<li class=\"desktop tournName\"><a href=\"https:\/\/www.fencingtimelive.com\/events\/results\/4108F34D6D7C44E29AD0398344ADFC1C\">Cadet Women&#8217;s Foil<\/a><\/li>\n<li class=\"desktop tournName\"><span style=\"font-weight: 300;\">U-15 Women&#8217;s Saber: <\/span><a style=\"font-weight: 300;\" href=\"https:\/\/www.fencingtimelive.com\/events\/results\/C93DCC76E6D14E0DA109EA7A0F6B8F59\">Poules<\/a><span style=\"font-weight: 300;\">, <\/span><a style=\"font-weight: 300;\" href=\"https:\/\/www.fencingtimelive.com\/events\/results\/2B07C172671545DB85EC5C8EDFFC5400\">Div 1<\/a><\/li>\n<li class=\"desktop tournName\"><span style=\"font-weight: 300;\">U-15 Men&#8217;s Saber: <\/span><a style=\"font-weight: 300;\" href=\"https:\/\/www.fencingtimelive.com\/events\/results\/E930121707814A86944526637FC311EC\">Poules<\/a><span style=\"font-weight: 300;\">, <\/span><a style=\"font-weight: 300;\" href=\"https:\/\/www.fencingtimelive.com\/events\/results\/FE21A17713C544698195423A67873D65\">Div 1<\/a><\/li>\n<\/ul>\n<hr \/>\n<h4><a href=\"https:\/\/www.fencingtimelive.com\/tournaments\/eventSchedule\/0C27A91DFC1E4B48A0EE55390D8D241F\">February 7-8, 2026 &#8211;\u00a0Sabre European Cadet Circuit<\/a><\/h4>\n<ul>\n<li><a href=\"https:\/\/www.fencingtimelive.com\/events\/results\/2EE912222AC941808E566D117DEFDA2D\">Cadet Men&#8217;s Saber<\/a><\/li>\n<\/ul>\n<hr \/>\n<h4><a href=\"https:\/\/www.fencingnb.ca\/?page_id=3130\">January 31, 2026 &#8211; FENB Cadet Women&#8217;s Tournament<\/a><\/h4>\n<ul>\n<li>Cadet Women&#8217;s Foil<\/li>\n<li>\n<div dir=\"auto\">Cadet Women&#8217;s Epee<\/div>\n<\/li>\n<li>\n<div dir=\"auto\">Cadet Women&#8217;s Sabre<\/div>\n<\/li>\n<\/ul>\n<p>(<strong>Note:<\/strong> Individual results available on the <a href=\"https:\/\/www.fencingnb.ca\/?page_id=3130\">tournament page<\/a>.)<\/p>\n<hr \/>\n<h4><a href=\"https:\/\/www.fencingtimelive.com\/tournaments\/eventSchedule\/E66E5421ECC546259BE95B3F95C36FA2\">January 24-25, 2026 &#8211; Desjarlais<\/a><\/h4>\n<div class=\"html-div xdj266r x14z9mp xat24cr x1lziwak xexx8yu xyri2b x18d9i69 x1c1uobl\">\n<div class=\"html-div xdj266r x14z9mp xat24cr x1lziwak xexx8yu xyri2b x18d9i69 x1c1uobl\" dir=\"auto\">\n<div class=\"html-div xdj266r x14z9mp xat24cr x1lziwak xexx8yu xyri2b x18d9i69 x1c1uobl\" data-ad-rendering-role=\"story_message\">\n<div class=\"x1l90r2v x1iorvi4 x1g0dm76 xpdmqnj\" data-ad-comet-preview=\"message\" data-ad-preview=\"message\">\n<div class=\"x78zum5 xdt5ytf xz62fqu x16ldp7u\">\n<div class=\"xu06os2 x1ok221b\">\n<div class=\"html-div xdj266r x14z9mp xat24cr x1lziwak xexx8yu xyri2b x18d9i69 x1c1uobl\">\n<div class=\"x14z9mp xat24cr x1lziwak x1vvkbs xtlvy1s x126k92a\">\n<ul>\n<li><a href=\"https:\/\/www.fencingtimelive.com\/events\/results\/644B8A2DE41D4A0AAACED5D8728599DC\">Vet-40 Men&#8217;s Saber<\/a><\/li>\n<li dir=\"auto\"><a href=\"https:\/\/www.fencingtimelive.com\/events\/results\/8F8B63AB57B149DC945AF9DBF3F09E8E\">Vet-50 Women&#8217;s Saber<\/a><\/li>\n<li dir=\"auto\"><a href=\"https:\/\/www.fencingtimelive.com\/events\/results\/E4308C9F421A4B088BAA7351498A79E6\">Sabre mixte Veteran<\/a><\/li>\n<li dir=\"auto\"><a href=\"https:\/\/www.fencingtimelive.com\/events\/results\/D79A5C261318472D9D990C505403DF70\">AAA Ep\u00e9e masculine<\/a><\/li>\n<li dir=\"auto\"><a href=\"https:\/\/www.fencingtimelive.com\/events\/results\/9E672E26100F4BEFA19688D2EECE1005\">Junior Men&#8217;s \u00c9p\u00e9e<\/a><\/li>\n<\/ul>\n<hr \/>\n<h4><a href=\"https:\/\/www.fencingtimelive.com\/tournaments\/eventSchedule\/8B16C2D73A514549BBD712F34FD03EAF\">December 13-14, 2025 &#8211; Circuit des Jeunes 2<\/a><\/h4>\n<\/div>\n<\/div>\n<\/div>\n<\/div>\n<\/div>\n<\/div>\n<\/div>\n<\/div>\n<ul>\n<li><a href=\"https:\/\/www.fencingtimelive.com\/events\/view\/43976F52D24F454BAACD3C81398B6F19\">Cadet Men&#8217;s \u00c9p\u00e9e<\/a><\/li>\n<li><a href=\"https:\/\/www.fencingtimelive.com\/events\/view\/724535DE663844C2961A2DA7059327D6\">Cadet Women&#8217;s \u00c9p\u00e9e<\/a><\/li>\n<li>Ep\u00e9e f\u00e9minine -13: <a href=\"https:\/\/www.fencingtimelive.com\/events\/view\/09280E884AF34C1BB16A064B88D2B7F0\">Poules<\/a>, <a href=\"https:\/\/www.fencingtimelive.com\/events\/view\/AFF4B3672BD24B3BA9C6EE40439560CC\">Div 2<\/a><\/li>\n<li>Ep\u00e9e masculin -15:\u00a0<a href=\"https:\/\/www.fencingtimelive.com\/events\/view\/56B45245BDBF4C909657320048A864BC\">Poules<\/a>, <a href=\"https:\/\/www.fencingtimelive.com\/events\/view\/56B45245BDBF4C909657320048A864BC\">Div 1<\/a><\/li>\n<li><a href=\"https:\/\/www.fencingtimelive.com\/events\/view\/1EAFC5591EBF457EAC9ADE618EC49E8C\">Cadet Men&#8217;s Foil<\/a><\/li>\n<li><a href=\"https:\/\/www.fencingtimelive.com\/events\/view\/7C174CE8A9634BA19CE0EF2DE1D4EEFA\">Cadet Women&#8217;s Saber<\/a><\/li>\n<li><a href=\"https:\/\/www.fencingtimelive.com\/events\/view\/DD855052443648BC834E2C78A76479F6\">Cadet Men&#8217;s Saber<\/a><\/li>\n<li>U-13 Men&#8217;s Saber: <a href=\"https:\/\/www.fencingtimelive.com\/events\/view\/F34220AADD3D4BA3B2F3A95AF9DF1B24\">Poules<\/a>, <a href=\"https:\/\/www.fencingtimelive.com\/events\/view\/34668C3CDFE84C16821D7E1837970234\">Div 1<\/a><\/li>\n<li>U-15 Women&#8217;s Saber: <a href=\"https:\/\/www.fencingtimelive.com\/events\/view\/F601BCEDBC4042E59A220BAC1F437295\">Poules<\/a>, <a href=\"https:\/\/www.fencingtimelive.com\/events\/view\/FAAE4EA89C42414580D968FAAE8A856A\">Div 1<\/a><\/li>\n<li>U-15 Men&#8217;s Saber: <a href=\"https:\/\/www.fencingtimelive.com\/events\/view\/CE46F19609114AF389161788D58B5C26\">Poules<\/a>, <a href=\"https:\/\/www.fencingtimelive.com\/events\/view\/AC1DA7FCF7B5485AA514E39350E4DF42\">Div 1<\/a><\/li>\n<\/ul>\n<hr \/>\n<h4><a href=\"https:\/\/www.fencingtimelive.com\/tournaments\/eventSchedule\/74DB4A4D9220479DAAA5504CA2AFC8FB\">December 7, 2025 &#8211; La Glace et le Glaive &#8211; Ice and Iron<\/a><\/h4>\n<ul>\n<li><a href=\"https:\/\/www.fencingtimelive.com\/events\/results\/1B538EE96CEC4C70A7BD188680BDCA6D\">Senior Mixed \u00c9p\u00e9e<\/a><\/li>\n<li><a href=\"https:\/\/www.fencingtimelive.com\/events\/results\/C19045363CBC411FBE5E8A54ABC4556B\">Y-11 Mixed \u00c9p\u00e9e<\/a><\/li>\n<li><a href=\"https:\/\/www.fencingtimelive.com\/events\/results\/E3E01116F8CC411B907B393463E083CB\">U-15 Mixed \u00c9p\u00e9e<\/a><\/li>\n<li><a href=\"https:\/\/www.fencingtimelive.com\/events\/results\/DEE1EAFB44694D0EA57795DAC6A08A68\">Cadet Mixed \u00c9p\u00e9e<\/a><\/li>\n<li><a href=\"https:\/\/www.fencingtimelive.com\/events\/results\/72D17806639344AAAC3FA98333BED4A8\">U-13 Mixed \u00c9p\u00e9e<\/a><\/li>\n<\/ul>\n<hr \/>\n<h4><a href=\"https:\/\/www.fencingtimelive.com\/tournaments\/eventSchedule\/0C4F5120FFFF416B92F1B4F119E3FE7B\">November 29-December 1, 2025 &#8211; Canada Cup #2<\/a><\/h4>\n<ul>\n<li>\n<div class=\"desktop eventName\"><a href=\"https:\/\/www.fencingtimelive.com\/events\/results\/A64AA0A3E2DE42F1B2C3AA09C2ABF94C\">Junior Women&#8217;s Foil<\/a><\/div>\n<\/li>\n<li><a href=\"https:\/\/www.fencingtimelive.com\/events\/results\/C4CE82BC1E7143809462E4505CA05809\">Senior Men&#8217;s \u00c9p\u00e9e<\/a><\/li>\n<li><a href=\"https:\/\/www.fencingtimelive.com\/events\/results\/160A5AD3D26F4FAFB7E75770526AECF2\">Junior Men&#8217;s \u00c9p\u00e9e<\/a><\/li>\n<li><a href=\"https:\/\/www.fencingtimelive.com\/events\/results\/C859FE9BF64D432693049EB69E83044F\">Senior Women&#8217;s Foil<\/a><\/li>\n<\/ul>\n<hr \/>\n<h4><a href=\"https:\/\/www.fencingtimelive.com\/tournaments\/eventSchedule\/D7E898476AE94A41BBB553FCF26A9AEF\">November 12-20, 2025 &#8211; 2025 Veteran World Championships<\/a><\/h4>\n<ul>\n<li>\n<div class=\"desktop eventName\"><a href=\"https:\/\/www.fencingtimelive.com\/events\/results\/48715774321A447D9F76FE26C654CF07\">Vet-50 Women&#8217;s Saber<\/a><\/div>\n<\/li>\n<li>\n<div class=\"desktop eventName\"><a href=\"https:\/\/www.fencingtimelive.com\/events\/results\/EE8A420E864D4DA6B6B2CE3A84C656DD\">Vet Team Women&#8217;s Saber<\/a><\/div>\n<\/li>\n<li>\n<div class=\"desktop eventName\"><a href=\"https:\/\/www.fencingtimelive.com\/events\/results\/696EFE16E7F84A21816951566B2087D8\">Vet-40 Men&#8217;s Saber<\/a><\/div>\n<\/li>\n<li>\n<div class=\"desktop eventName\"><a href=\"https:\/\/www.fencingtimelive.com\/events\/results\/B475CAEDE4944E5597E95100BFAB7A13\">Vet Team Men&#8217;s Saber<\/a><\/div>\n<\/li>\n<\/ul>\n<hr \/>\n<h4><a href=\"https:\/\/www.fencingtimelive.com\/tournaments\/eventSchedule\/7104EBF720C249DA8FB312BB6C6E70E7\">October 25-26, 2025 &#8211; Circuit des Jeunes 1<\/a><\/h4>\n<ul>\n<li>\n<div class=\"desktop eventName\">\n<div class=\"desktop eventName\"><a href=\"https:\/\/www.fencingtimelive.com\/events\/results\/E787579D67614518944DCDE1E75374C4\">Cadet Men&#8217;s \u00c9p\u00e9e<\/a><\/div>\n<\/div>\n<\/li>\n<li>\n<div class=\"desktop eventName\"><a href=\"https:\/\/www.fencingtimelive.com\/events\/results\/CA328A81BDF24FE897A467D5E5F757E1\">Cadet Women&#8217;s \u00c9p\u00e9e<\/a><\/div>\n<\/li>\n<li>\n<div class=\"desktop eventName\">\u00c9p\u00e9e Masculin U-15 <a href=\"https:\/\/www.fencingtimelive.com\/events\/results\/BB0BE1ABB6C3496A85C8B387C41810A7\">Poules<\/a>, <a href=\"https:\/\/www.fencingtimelive.com\/events\/results\/3C230343B0E743D7A6AE46B9326802CD\">Div I<\/a><\/div>\n<\/li>\n<li>\n<div class=\"desktop eventName\">\u00c9p\u00e9e F\u00e9minin U-15 <a href=\"https:\/\/www.fencingtimelive.com\/events\/results\/45A8E5141AEA4E64ABB698A2CB77898D\">Poules<\/a>, <a href=\"https:\/\/www.fencingtimelive.com\/events\/results\/72DDEE3E547446A99400AB12FAEABC5C\">Div I<\/a><\/div>\n<\/li>\n<li>\n<div class=\"desktop eventName\"><a href=\"https:\/\/www.fencingtimelive.com\/events\/results\/A787B3C902A94EA7ADE16CBE83976BC2\">Cadet Men&#8217;s Foil<\/a><\/div>\n<\/li>\n<li><a href=\"https:\/\/www.fencingtimelive.com\/events\/results\/9ED1A8F2146E4B429A0D4C4D0CF13C9E\">Cadet Women&#8217;s Foil<\/a><\/li>\n<li><a href=\"https:\/\/www.fencingtimelive.com\/events\/results\/5F8BA3291E5E437C88A437A4C661EBF0\">Cadet Men&#8217;s Saber<\/a><\/li>\n<li>\n<div class=\"desktop eventName\"><a href=\"https:\/\/www.fencingtimelive.com\/events\/results\/8B2DFB656C0241EBBFE966D89F4CDFB7\">Cadet Women&#8217;s Saber<\/a><\/div>\n<\/li>\n<li><a href=\"https:\/\/www.fencingtimelive.com\/events\/results\/4E2E64E0424542A9A7E2024E3431BEA0\">U-13 Women&#8217;s Saber<\/a><\/li>\n<li>Sabre Feminin U-15 <a href=\"https:\/\/www.fencingtimelive.com\/events\/results\/1E2B013887A74F62958667F1DE72E49F\">Poules<\/a>, <a href=\"https:\/\/www.fencingtimelive.com\/events\/results\/24384A7D96AC49B88AD579BAFFB4451F\">Div I<\/a>, <a href=\"https:\/\/www.fencingtimelive.com\/events\/results\/6F7B77D1906642A6A9FC42910BD6D3DC\">Div II<\/a><\/li>\n<li>\n<div class=\"desktop eventName\">Sabre Masculin U-15 <a href=\"https:\/\/www.fencingtimelive.com\/events\/results\/37929FF2F10F40BDBC377BB860132D59\">Poules<\/a>, <a href=\"https:\/\/www.fencingtimelive.com\/events\/results\/3B7E8B4084E94ED1B41C8E943B14DBDE\">Div I<\/a><\/div>\n<\/li>\n<\/ul>\n<hr \/>\n<h4><a href=\"https:\/\/www.fencingtimelive.com\/tournaments\/eventSchedule\/5A06B93806E549CBA054C7EAEC907086\" target=\"_blank\" rel=\"noopener\">September 26-28, 2025 &#8211; Canada Cup #1<\/a><\/h4>\n<ul>\n<li>\n<div class=\"desktop eventName\"><a href=\"https:\/\/www.fencingtimelive.com\/events\/results\/5E28CF897D914E7B83D396272D9FBF1F\" target=\"_blank\" rel=\"noopener\">Junior Men&#8217;s Saber<\/a><\/div>\n<\/li>\n<li>\n<div class=\"desktop eventName\"><a href=\"https:\/\/www.fencingtimelive.com\/events\/results\/26EB00E333D0484F9E2DA8DE4DD9E451\" target=\"_blank\" rel=\"noopener\">Cadet Men&#8217;s \u00c9p\u00e9e<\/a><\/div>\n<\/li>\n<li>\n<div class=\"desktop eventName\"><a href=\"https:\/\/www.fencingtimelive.com\/events\/results\/8B12224BD4934187AD6D5D7B633CD23C\" target=\"_blank\" rel=\"noopener\">Senior Men&#8217;s \u00c9p\u00e9e<\/a><\/div>\n<\/li>\n<li>\n<div class=\"desktop eventName\"><a href=\"https:\/\/www.fencingtimelive.com\/events\/results\/9B75ACAE7B7A48E2BB96FC9A443C4594\" target=\"_blank\" rel=\"noopener\">Senior Women&#8217;s Foil<\/a><\/div>\n<\/li>\n<li>\n<div class=\"desktop eventName\"><a href=\"https:\/\/www.fencingtimelive.com\/events\/results\/B69DF53D836544A2A12E2C095C7D77B3\" target=\"_blank\" rel=\"noopener\">Cadet Men&#8217;s Saber<\/a><\/div>\n<\/li>\n<li>\n<div class=\"desktop eventName\"><a href=\"https:\/\/www.fencingtimelive.com\/events\/results\/B28E65419EA2462DB858B564E212AA44\" target=\"_blank\" rel=\"noopener\">Junior Men&#8217;s \u00c9p\u00e9e<\/a><\/div>\n<\/li>\n<li>\n<div class=\"desktop eventName\"><a href=\"https:\/\/www.fencingtimelive.com\/events\/results\/C42E6D2293E443FEB6D87E012FE7C3DF\" target=\"_blank\" rel=\"noopener\">Junior Women&#8217;s Foil<\/a><\/div>\n<\/li>\n<li>\n<div class=\"desktop eventName\"><a href=\"https:\/\/www.fencingtimelive.com\/events\/results\/73264E1772E543D485E97328E296E087\" target=\"_blank\" rel=\"noopener\">Senior Men&#8217;s Saber<\/a><\/div>\n<\/li>\n<\/ul>\n<hr \/>\n<h4><a href=\"https:\/\/www.fencingtimelive.com\/tournaments\/eventSchedule\/5E7C19D693AF4B97B61682487325E52B\" target=\"_blank\" rel=\"noopener\"><span style=\"font-weight: 400;\">September 20-21, 2025 &#8211; Terre Des Hommes<\/span><\/a><\/h4>\n<ul>\n<li><a href=\"https:\/\/www.fencingtimelive.com\/events\/results\/34CBE9BC4520404DB60603D775F8D4A6\" target=\"_blank\" rel=\"noopener\">Veteran Women&#8217;s Saber<\/a><\/li>\n<li><a href=\"https:\/\/www.fencingtimelive.com\/events\/results\/D381E8EBF8D8483598C3EE29E84430B6\" target=\"_blank\" rel=\"noopener\">Veteran Men&#8217;s Saber<\/a><\/li>\n<li><a href=\"https:\/\/www.fencingtimelive.com\/events\/results\/C17EB424C6D14AEEA85064504E4C0FED\" target=\"_blank\" rel=\"noopener\">Junior Men&#8217;s Saber<\/a><\/li>\n<li><a href=\"https:\/\/www.fencingtimelive.com\/events\/results\/EA3C916209AA40C9B2910BF77C3FB0BD\" target=\"_blank\" rel=\"noopener\">AAA Sabre f\u00e9minin<\/a><\/li>\n<li><a href=\"https:\/\/www.fencingtimelive.com\/events\/results\/C17EB424C6D14AEEA85064504E4C0FED\" target=\"_blank\" rel=\"noopener\">AAA Sabre masculin<\/a><\/li>\n<\/ul>\n<hr \/>\n<h4><a href=\"https:\/\/www.fencingtimelive.com\/tournaments\/eventSchedule\/AE5C38CC31BD48E8B796B01664C50314\" target=\"_blank\" rel=\"noopener\">September 13, 2025 &#8211; Fundy Open<\/a><\/h4>\n<ul>\n<li><a href=\"https:\/\/www.fencingtimelive.com\/events\/results\/468BADE6F8114C859A215B17D3D1183E\" target=\"_blank\" rel=\"noopener\">Mixed \u00c9p\u00e9e<\/a><\/li>\n<li><a href=\"https:\/\/www.fencingtimelive.com\/events\/results\/B53CBD90B692439E987EE2B3D7221C20\" target=\"_blank\" rel=\"noopener\">Mixed Sabre<\/a><\/li>\n<li><a href=\"https:\/\/www.fencingtimelive.com\/events\/results\/59FFC540C11940C4A16C0DC811202987\" target=\"_blank\" rel=\"noopener\">Cadet Mixed \u00c9p\u00e9e<\/a><\/li>\n<li><a href=\"https:\/\/www.fencingtimelive.com\/events\/results\/8CF97F12AB884766834D2B596892A4E6\" target=\"_blank\" rel=\"noopener\">U-13 Mixed \u00c9p\u00e9e<\/a><\/li>\n<\/ul>\n<hr \/>\n<div style=\"max-width: 600px; margin: 0.5rem auto; padding: 0.75rem 1rem; border-radius: 8px; border: 1px solid #d9efe6; background: linear-gradient(180deg,#f4fbf8,#e9f6f1); font-family: system-ui,-apple-system,Segoe UI,Roboto,Helvetica,Arial,sans-serif; font-size: 0.95rem; color: #245b4a; box-shadow: 0 1px 2px rgba(0,0,0,0.04);\" role=\"note\" aria-label=\"Contact information\">\n<div style=\"display: flex; align-items: center; gap: 0.6rem;\">\n<div style=\"font-size: 1.2rem; line-height: 1;\" aria-hidden=\"true\">\u2753<\/div>\n<div>Did we miss a tournament that NB fencers have attended? Send us a link and <a style=\"color: #1f7a5a; text-decoration: underline;\" href=\"https:\/\/www.fencingnb.ca\/?page_id=172\" target=\"_blank\" rel=\"noopener\">let us know<\/a>.<\/div>\n<\/div>\n<\/div>\n","protected":false},"excerpt":{"rendered":"<p>As the season progresses, check back for links to the\u00a0Fencing Time Live online results for tournaments that our fencers are attending! Note For out-of-province tournaments, only events with NB fencers participating are listed. Click the tournament name to see a full list of events. &nbsp; 2025-2026 Season April 11-12, 2026 &#8211; Circuit des jeunes 4 [&hellip;]<\/p>\n","protected":false},"author":12,"featured_media":0,"parent":188,"menu_order":0,"comment_status":"closed","ping_status":"closed","template":"","meta":{"footnotes":""},"class_list":["post-2520","page","type-page","status-publish","hentry"],"_links":{"self":[{"href":"https:\/\/www.fencingnb.ca\/index.php?rest_route=\/wp\/v2\/pages\/2520","targetHints":{"allow":["GET"]}}],"collection":[{"href":"https:\/\/www.fencingnb.ca\/index.php?rest_route=\/wp\/v2\/pages"}],"about":[{"href":"https:\/\/www.fencingnb.ca\/index.php?rest_route=\/wp\/v2\/types\/page"}],"author":[{"embeddable":true,"href":"https:\/\/www.fencingnb.ca\/index.php?rest_route=\/wp\/v2\/users\/12"}],"replies":[{"embeddable":true,"href":"https:\/\/www.fencingnb.ca\/index.php?rest_route=%2Fwp%2Fv2%2Fcomments&post=2520"}],"version-history":[{"count":46,"href":"https:\/\/www.fencingnb.ca\/index.php?rest_route=\/wp\/v2\/pages\/2520\/revisions"}],"predecessor-version":[{"id":3213,"href":"https:\/\/www.fencingnb.ca\/index.php?rest_route=\/wp\/v2\/pages\/2520\/revisions\/3213"}],"up":[{"embeddable":true,"href":"https:\/\/www.fencingnb.ca\/index.php?rest_route=\/wp\/v2\/pages\/188"}],"wp:attachment":[{"href":"https:\/\/www.fencingnb.ca\/index.php?rest_route=%2Fwp%2Fv2%2Fmedia&parent=2520"}],"curies":[{"name":"wp","href":"https:\/\/api.w.org\/{rel}","templated":true}]}}